{"id":626,"date":"2026-04-07T12:31:08","date_gmt":"2026-04-07T12:31:08","guid":{"rendered":"https:\/\/molecular-rotors.opus21.us.edu.pl\/?page_id=626"},"modified":"2026-04-14T09:33:55","modified_gmt":"2026-04-14T09:33:55","slug":"group","status":"publish","type":"page","link":"https:\/\/molecular-rotors.opus21.us.edu.pl\/index.php\/group\/","title":{"rendered":"GROUP"},"content":{"rendered":"\t\t<div data-elementor-type=\"wp-post\" data-elementor-id=\"626\" class=\"elementor elementor-626\">\n\t\t\t\t<div class=\"elementor-element elementor-element-fed2699 animated-slow e-flex e-con-boxed elementor-invisible e-con e-parent\" data-id=\"fed2699\" data-element_type=\"container\" data-e-type=\"container\" data-settings=\"{&quot;animation&quot;:&quot;fadeInUp&quot;,&quot;animation_delay&quot;:200}\">\n\t\t\t\t\t<div class=\"e-con-inner\">\n\t\t<div class=\"elementor-element elementor-element-2d05518 e-con-full e-grid e-con e-child\" data-id=\"2d05518\" data-element_type=\"container\" data-e-type=\"container\">\n\t\t\t\t<div class=\"elementor-element elementor-element-4f95f35 elementor-widget elementor-widget-image\" data-id=\"4f95f35\" data-element_type=\"widget\" data-e-type=\"widget\" data-widget_type=\"image.default\">\n\t\t\t\t\t\t\t\t\t\t\t\t<figure class=\"wp-caption\">\n\t\t\t\t\t\t\t\t\t\t<img decoding=\"async\" width=\"192\" height=\"258\" src=\"https:\/\/molecular-rotors.opus21.us.edu.pl\/wp-content\/uploads\/2026\/04\/Bez-tytulu-8.png\" class=\"attachment-medium_large size-medium_large wp-image-774\" alt=\"\" \/>\t\t\t\t\t\t\t\t\t\t\t<figcaption class=\"widget-image-caption wp-caption-text\">prof. U\u015a dr hab. Marzena Rams-Baron<br>PROJECT LEADER<\/figcaption>\n\t\t\t\t\t\t\t\t\t\t<\/figure>\n\t\t\t\t\t\t\t\t\t<\/div>\n\t\t\t\t<div class=\"elementor-element elementor-element-8cc7cf9 elementor-widget elementor-widget-image\" data-id=\"8cc7cf9\" data-element_type=\"widget\" data-e-type=\"widget\" data-widget_type=\"image.default\">\n\t\t\t\t\t\t\t\t\t\t\t\t<figure class=\"wp-caption\">\n\t\t\t\t\t\t\t\t\t\t<img fetchpriority=\"high\" decoding=\"async\" width=\"194\" height=\"258\" src=\"https:\/\/molecular-rotors.opus21.us.edu.pl\/wp-content\/uploads\/2026\/04\/fwefwef-2.png\" class=\"attachment-medium_large size-medium_large wp-image-631\" alt=\"\" \/>\t\t\t\t\t\t\t\t\t\t\t<figcaption class=\"widget-image-caption wp-caption-text\">prof. dr hab. Marian Paluch<br><br>CO-INVESTIGATOR<\/figcaption>\n\t\t\t\t\t\t\t\t\t\t<\/figure>\n\t\t\t\t\t\t\t\t\t<\/div>\n\t\t\t\t<div class=\"elementor-element elementor-element-f7f4c8d elementor-widget elementor-widget-image\" data-id=\"f7f4c8d\" data-element_type=\"widget\" data-e-type=\"widget\" data-widget_type=\"image.default\">\n\t\t\t\t\t\t\t\t\t\t\t\t<figure class=\"wp-caption\">\n\t\t\t\t\t\t\t\t\t\t<img decoding=\"async\" width=\"194\" height=\"258\" src=\"https:\/\/molecular-rotors.opus21.us.edu.pl\/wp-content\/uploads\/2026\/04\/IMG-20260323-WA0002-3.png\" class=\"attachment-medium_large size-medium_large wp-image-632\" alt=\"\" \/>\t\t\t\t\t\t\t\t\t\t\t<figcaption class=\"widget-image-caption wp-caption-text\">mgr. Alfred B\u0142a\u017cytko<br><br>PhD STUDENT<\/figcaption>\n\t\t\t\t\t\t\t\t\t\t<\/figure>\n\t\t\t\t\t\t\t\t\t<\/div>\n\t\t\t\t<\/div>\n\t\t\t\t\t<\/div>\n\t\t\t\t<\/div>\n\t\t<div class=\"elementor-element elementor-element-3314184 e-con-full e-flex e-con e-parent\" data-id=\"3314184\" data-element_type=\"container\" data-e-type=\"container\" data-settings=\"{&quot;background_background&quot;:&quot;classic&quot;}\">\n\t\t\t\t<\/div>\n\t\t\t\t<\/div>\n\t\t","protected":false},"excerpt":{"rendered":"<p>prof. U\u015a dr hab. Marzena Rams-BaronPROJECT LEADER prof. dr hab. Marian Paluch CO-INVESTIGATOR mgr. Alfred B\u0142a\u017cytko PhD STUDENT<\/p>\n","protected":false},"author":1,"featured_media":0,"parent":0,"menu_order":0,"comment_status":"closed","ping_status":"closed","template":"elementor_header_footer","meta":{"footnotes":""},"class_list":["post-626","page","type-page","status-publish","hentry"],"_links":{"self":[{"href":"https:\/\/molecular-rotors.opus21.us.edu.pl\/index.php\/wp-json\/wp\/v2\/pages\/626","targetHints":{"allow":["GET"]}}],"collection":[{"href":"https:\/\/molecular-rotors.opus21.us.edu.pl\/index.php\/wp-json\/wp\/v2\/pages"}],"about":[{"href":"https:\/\/molecular-rotors.opus21.us.edu.pl\/index.php\/wp-json\/wp\/v2\/types\/page"}],"author":[{"embeddable":true,"href":"https:\/\/molecular-rotors.opus21.us.edu.pl\/index.php\/wp-json\/wp\/v2\/users\/1"}],"replies":[{"embeddable":true,"href":"https:\/\/molecular-rotors.opus21.us.edu.pl\/index.php\/wp-json\/wp\/v2\/comments?post=626"}],"version-history":[{"count":37,"href":"https:\/\/molecular-rotors.opus21.us.edu.pl\/index.php\/wp-json\/wp\/v2\/pages\/626\/revisions"}],"predecessor-version":[{"id":791,"href":"https:\/\/molecular-rotors.opus21.us.edu.pl\/index.php\/wp-json\/wp\/v2\/pages\/626\/revisions\/791"}],"wp:attachment":[{"href":"https:\/\/molecular-rotors.opus21.us.edu.pl\/index.php\/wp-json\/wp\/v2\/media?parent=626"}],"curies":[{"name":"wp","href":"https:\/\/api.w.org\/{rel}","templated":true}]}}